{"id":851,"date":"2025-05-22T08:23:27","date_gmt":"2025-05-22T08:23:27","guid":{"rendered":"https:\/\/worldpadelnetwork.com\/avis-juridique\/"},"modified":"2025-05-22T16:13:34","modified_gmt":"2025-05-22T16:13:34","slug":"avis-juridique","status":"publish","type":"page","link":"https:\/\/www.worldpadelnetwork.com\/fr\/avis-juridique\/","title":{"rendered":"Avis juridique"},"content":{"rendered":"\n<p><strong>Legal Notice \/ Informaci\u00f3n Legal<\/strong><\/p>\n\n<p>Conform\u00e9ment \u00e0 la loi 34\/2002 sur les services de la soci\u00e9t\u00e9 de l&rsquo;information (LSSI-CE), nous vous fournissons les informations suivantes :<\/p>\n\n<ul class=\"wp-block-list\">\n<li><strong>Propri\u00e9taire du site<\/strong>: World Padel Network<\/li>\n\n\n\n<li><strong>Courriel de contact<\/strong>: <a>contact@worldpadelnetwork.com<\/a><\/li>\n<\/ul>\n\n<p>Pour toute question, contactez-nous \u00e0 l&rsquo;adresse \u00e9lectronique ci-dessus.<\/p>\n","protected":false},"excerpt":{"rendered":"<p>Legal Notice \/ Informaci\u00f3n Legal Conform\u00e9ment \u00e0 la loi 34\/2002 sur les services de la soci\u00e9t\u00e9 de l&rsquo;information (LSSI-CE), nous vous fournissons les informations suivantes : Pour toute question, contactez-nous \u00e0 l&rsquo;adresse \u00e9lectronique ci-dessus.<\/p>\n","protected":false},"author":2,"featured_media":0,"parent":0,"menu_order":0,"comment_status":"closed","ping_status":"closed","template":"","meta":{"_acf_changed":false,"footnotes":""},"class_list":["post-851","page","type-page","status-publish","hentry"],"acf":[],"_links":{"self":[{"href":"https:\/\/www.worldpadelnetwork.com\/fr\/wp-json\/wp\/v2\/pages\/851","targetHints":{"allow":["GET"]}}],"collection":[{"href":"https:\/\/www.worldpadelnetwork.com\/fr\/wp-json\/wp\/v2\/pages"}],"about":[{"href":"https:\/\/www.worldpadelnetwork.com\/fr\/wp-json\/wp\/v2\/types\/page"}],"author":[{"embeddable":true,"href":"https:\/\/www.worldpadelnetwork.com\/fr\/wp-json\/wp\/v2\/users\/2"}],"replies":[{"embeddable":true,"href":"https:\/\/www.worldpadelnetwork.com\/fr\/wp-json\/wp\/v2\/comments?post=851"}],"version-history":[{"count":0,"href":"https:\/\/www.worldpadelnetwork.com\/fr\/wp-json\/wp\/v2\/pages\/851\/revisions"}],"wp:attachment":[{"href":"https:\/\/www.worldpadelnetwork.com\/fr\/wp-json\/wp\/v2\/media?parent=851"}],"curies":[{"name":"wp","href":"https:\/\/api.w.org\/{rel}","templated":true}]}}