{"id":1655,"date":"2025-06-24T11:26:37","date_gmt":"2025-06-24T11:26:37","guid":{"rendered":"https:\/\/www.worldpadelnetwork.com\/presse\/"},"modified":"2025-06-27T07:51:05","modified_gmt":"2025-06-27T07:51:05","slug":"presse","status":"publish","type":"page","link":"https:\/\/www.worldpadelnetwork.com\/fr\/presse\/","title":{"rendered":"Presse"},"content":{"rendered":"\t\t<div data-elementor-type=\"wp-page\" data-elementor-id=\"1655\" class=\"elementor elementor-1655 elementor-1654\" data-elementor-post-type=\"page\">\n\t\t\t\t<div class=\"elementor-element elementor-element-e1c4f68 e-flex e-con-boxed e-con e-parent\" data-id=\"e1c4f68\" data-element_type=\"container\" data-e-type=\"container\" data-settings=\"{&quot;jet_parallax_layout_list&quot;:[]}\">\n\t\t\t\t\t<div class=\"e-con-inner\">\n\t\t\t\t<div class=\"elementor-element elementor-element-4c956ad elementor-widget elementor-widget-heading\" data-id=\"4c956ad\" data-element_type=\"widget\" data-e-type=\"widget\" data-widget_type=\"heading.default\">\n\t\t\t\t<div class=\"elementor-widget-container\">\n\t\t\t\t\t<h1 class=\"elementor-heading-title elementor-size-default\">Presse et m\u00e9dias<\/h1>\t\t\t\t<\/div>\n\t\t\t\t<\/div>\n\t\t\t\t\t<\/div>\n\t\t\t\t<\/div>\n\t\t<div class=\"elementor-element elementor-element-8ff38e8 e-flex e-con-boxed e-con e-parent\" data-id=\"8ff38e8\" data-element_type=\"container\" data-e-type=\"container\" data-settings=\"{&quot;jet_parallax_layout_list&quot;:[]}\">\n\t\t\t\t\t<div class=\"e-con-inner\">\n\t\t\t\t<div class=\"elementor-element elementor-element-9ea5b08 elementor-toc--minimized-on-tablet elementor-widget elementor-widget-table-of-contents\" data-id=\"9ea5b08\" data-element_type=\"widget\" data-e-type=\"widget\" data-settings=\"{&quot;marker_view&quot;:&quot;bullets&quot;,&quot;icon&quot;:{&quot;value&quot;:&quot;far fa-circle&quot;,&quot;library&quot;:&quot;fa-regular&quot;,&quot;rendered_tag&quot;:&quot;&lt;svg class=\\&quot;e-font-icon-svg e-far-circle\\&quot; viewBox=\\&quot;0 0 512 512\\&quot; xmlns=\\&quot;http:\\\/\\\/www.w3.org\\\/2000\\\/svg\\&quot;&gt;&lt;path d=\\&quot;M256 8C119 8 8 119 8 256s111 248 248 248 248-111 248-248S393 8 256 8zm0 448c-110.5 0-200-89.5-200-200S145.5 56 256 56s200 89.5 200 200-89.5 200-200 200z\\&quot;&gt;&lt;\\\/path&gt;&lt;\\\/svg&gt;&quot;},&quot;no_headings_message&quot;:&quot;No headings were found on this page.&quot;,&quot;min_height&quot;:{&quot;unit&quot;:&quot;px&quot;,&quot;size&quot;:0,&quot;sizes&quot;:[]},&quot;headings_by_tags&quot;:[&quot;h2&quot;,&quot;h3&quot;,&quot;h4&quot;,&quot;h5&quot;,&quot;h6&quot;],&quot;minimize_box&quot;:&quot;yes&quot;,&quot;minimized_on&quot;:&quot;tablet&quot;,&quot;hierarchical_view&quot;:&quot;yes&quot;,&quot;min_height_tablet&quot;:{&quot;unit&quot;:&quot;px&quot;,&quot;size&quot;:&quot;&quot;,&quot;sizes&quot;:[]},&quot;min_height_mobile&quot;:{&quot;unit&quot;:&quot;px&quot;,&quot;size&quot;:&quot;&quot;,&quot;sizes&quot;:[]}}\" data-widget_type=\"table-of-contents.default\">\n\t\t\t\t<div class=\"elementor-widget-container\">\n\t\t\t\t\t\t\t\t\t<div class=\"elementor-toc__header\">\n\t\t\t\t\t\t<h4 class=\"elementor-toc__header-title\">\n\t\t\t\tTable des mati\u00e8res\t\t\t<\/h4>\n\t\t\t\t\t\t\t\t\t\t<div class=\"elementor-toc__toggle-button elementor-toc__toggle-button--expand\" role=\"button\" tabindex=\"0\" aria-controls=\"elementor-toc__9ea5b08\" aria-expanded=\"true\" aria-label=\"Ouvrir la table des mati\u00e8res\"><svg aria-hidden=\"true\" class=\"e-font-icon-svg e-fas-chevron-down\" viewBox=\"0 0 448 512\" xmlns=\"http:\/\/www.w3.org\/2000\/svg\"><path d=\"M207.029 381.476L12.686 187.132c-9.373-9.373-9.373-24.569 0-33.941l22.667-22.667c9.357-9.357 24.522-9.375 33.901-.04L224 284.505l154.745-154.021c9.379-9.335 24.544-9.317 33.901.04l22.667 22.667c9.373 9.373 9.373 24.569 0 33.941L240.971 381.476c-9.373 9.372-24.569 9.372-33.942 0z\"><\/path><\/svg><\/div>\n\t\t\t\t<div class=\"elementor-toc__toggle-button elementor-toc__toggle-button--collapse\" role=\"button\" tabindex=\"0\" aria-controls=\"elementor-toc__9ea5b08\" aria-expanded=\"true\" aria-label=\"Fermer la table des mati\u00e8res\"><svg aria-hidden=\"true\" class=\"e-font-icon-svg e-fas-chevron-up\" viewBox=\"0 0 448 512\" xmlns=\"http:\/\/www.w3.org\/2000\/svg\"><path d=\"M240.971 130.524l194.343 194.343c9.373 9.373 9.373 24.569 0 33.941l-22.667 22.667c-9.357 9.357-24.522 9.375-33.901.04L224 227.495 69.255 381.516c-9.379 9.335-24.544 9.317-33.901-.04l-22.667-22.667c-9.373-9.373-9.373-24.569 0-33.941L207.03 130.525c9.372-9.373 24.568-9.373 33.941-.001z\"><\/path><\/svg><\/div>\n\t\t\t\t\t<\/div>\n\t\t\t\t<div id=\"elementor-toc__9ea5b08\" class=\"elementor-toc__body\">\n\t\t\t<div class=\"elementor-toc__spinner-container\">\n\t\t\t\t<svg class=\"elementor-toc__spinner eicon-animation-spin e-font-icon-svg e-eicon-loading\" aria-hidden=\"true\" viewBox=\"0 0 1000 1000\" xmlns=\"http:\/\/www.w3.org\/2000\/svg\"><path d=\"M500 975V858C696 858 858 696 858 500S696 142 500 142 142 304 142 500H25C25 237 238 25 500 25S975 237 975 500 763 975 500 975Z\"><\/path><\/svg>\t\t\t<\/div>\n\t\t<\/div>\n\t\t\t\t\t\t<\/div>\n\t\t\t\t<\/div>\n\t\t\t\t\t<\/div>\n\t\t\t\t<\/div>\n\t\t<div class=\"elementor-element elementor-element-70b53cf e-flex e-con-boxed e-con e-parent\" data-id=\"70b53cf\" data-element_type=\"container\" data-e-type=\"container\" data-settings=\"{&quot;jet_parallax_layout_list&quot;:[]}\">\n\t\t\t\t\t<div class=\"e-con-inner\">\n\t\t<div class=\"elementor-element elementor-element-6a81279 e-con-full e-flex e-con e-child\" data-id=\"6a81279\" data-element_type=\"container\" data-e-type=\"container\" data-settings=\"{&quot;jet_parallax_layout_list&quot;:[]}\">\n\t\t\t\t<div class=\"elementor-element elementor-element-a64a3ff elementor-widget elementor-widget-text-editor\" data-id=\"a64a3ff\" data-element_type=\"widget\" data-e-type=\"widget\" data-widget_type=\"text-editor.default\">\n\t\t\t\t<div class=\"elementor-widget-container\">\n\t\t\t\t\t\t\t\t\t<h3><strong>Vue d&rsquo;ensemble<\/strong><\/h3><p data-pm-slice=\"1 1 []\"><strong>World Padel Network\u2122<\/strong> <strong>(WPN)<\/strong> est l&rsquo;annuaire mondial officiel et le syst\u00e8me de notation pour les joueurs et les clubs de padel. Lanc\u00e9 en juillet 2025, WPN aide les joueurs \u00e0 d\u00e9couvrir, comparer et se connecter avec les meilleurs clubs de padel \u00e0 travers les cinq continents. <\/p><p>La plateforme pr\u00e9sente les caract\u00e9ristiques suivantes<\/p><ul data-spread=\"false\"><li><p>Des listes de clubs v\u00e9rifi\u00e9es en <strong>Europe, en Am\u00e9rique du Sud, en Am\u00e9rique du Nord, en Asie et en Afrique<\/strong><\/p><\/li><li><p>Un syst\u00e8me transparent de <strong>notation WPN<\/strong> pour la qualit\u00e9 des clubs<\/p><\/li><li><p>Support multilingue<strong>(anglais, espagnol, fran\u00e7ais, catalan<\/strong>) et d&rsquo;autres \u00e0 venir<\/p><\/li><li><p>Profils des clubs, y compris les d\u00e9tails des courts, les installations, les commentaires et les informations sur les r\u00e9servations.<\/p><\/li><\/ul><p>Les joueurs peuvent effectuer des recherches par ville, filtrer par caract\u00e9ristiques et lire des avis v\u00e9rifi\u00e9s, tandis que les clubs gagnent en visibilit\u00e9 et en confiance gr\u00e2ce \u00e0 une plateforme moderne et centralis\u00e9e.<\/p>\t\t\t\t\t\t\t\t<\/div>\n\t\t\t\t<\/div>\n\t\t\t\t<div class=\"elementor-element elementor-element-d41662d elementor-widget-divider--view-line elementor-widget elementor-widget-divider\" data-id=\"d41662d\" data-element_type=\"widget\" data-e-type=\"widget\" data-widget_type=\"divider.default\">\n\t\t\t\t<div class=\"elementor-widget-container\">\n\t\t\t\t\t\t\t<div class=\"elementor-divider\">\n\t\t\t<span class=\"elementor-divider-separator\">\n\t\t\t\t\t\t<\/span>\n\t\t<\/div>\n\t\t\t\t\t\t<\/div>\n\t\t\t\t<\/div>\n\t\t\t\t<\/div>\n\t\t<div class=\"elementor-element elementor-element-d9ac89a e-con-full e-flex e-con e-child\" data-id=\"d9ac89a\" data-element_type=\"container\" data-e-type=\"container\" data-settings=\"{&quot;jet_parallax_layout_list&quot;:[]}\">\n\t\t\t\t<div class=\"elementor-element elementor-element-662286f elementor-widget elementor-widget-text-editor\" data-id=\"662286f\" data-element_type=\"widget\" data-e-type=\"widget\" data-widget_type=\"text-editor.default\">\n\t\t\t\t<div class=\"elementor-widget-container\">\n\t\t\t\t\t\t\t\t\t<h3><strong><span style=\"color: inherit; font-family: inherit; font-size: 2rem;\">Biographie du fondateur<\/span><\/strong><\/h3><p data-pm-slice=\"1 1 []\"><strong>Jamie Rowe<\/strong> est un strat\u00e8ge num\u00e9rique et un passionn\u00e9 de padel bas\u00e9 \u00e0 Barcelone. Fort d&rsquo;une exp\u00e9rience en SEO et en marketing international, il a fond\u00e9 World Padel Network en 2025 pour apporter structure et transparence \u00e0 l&rsquo;un des sports \u00e0 la croissance la plus rapide au monde. <\/p><p><strong>Citation : <\/strong>\u00ab\u00a0Nous avons cr\u00e9\u00e9 WPN pour aider les joueurs \u00e0 prendre des d\u00e9cisions plus s\u00fbres et pour donner aux grands clubs de padel la visibilit\u00e9 qu&rsquo;ils m\u00e9ritent. Notre objectif est de connecter la communaut\u00e9 mondiale du padel, une ville \u00e0 la fois.\u00a0\u00bb<\/p>\t\t\t\t\t\t\t\t<\/div>\n\t\t\t\t<\/div>\n\t\t\t\t<div class=\"elementor-element elementor-element-8d12c2e elementor-widget-divider--view-line elementor-widget elementor-widget-divider\" data-id=\"8d12c2e\" data-element_type=\"widget\" data-e-type=\"widget\" data-widget_type=\"divider.default\">\n\t\t\t\t<div class=\"elementor-widget-container\">\n\t\t\t\t\t\t\t<div class=\"elementor-divider\">\n\t\t\t<span class=\"elementor-divider-separator\">\n\t\t\t\t\t\t<\/span>\n\t\t<\/div>\n\t\t\t\t\t\t<\/div>\n\t\t\t\t<\/div>\n\t\t\t\t<\/div>\n\t\t<div class=\"elementor-element elementor-element-1cb1442 e-con-full e-flex e-con e-child\" data-id=\"1cb1442\" data-element_type=\"container\" data-e-type=\"container\" data-settings=\"{&quot;jet_parallax_layout_list&quot;:[]}\">\n\t\t\t\t<div class=\"elementor-element elementor-element-20e783b elementor-widget elementor-widget-text-editor\" data-id=\"20e783b\" data-element_type=\"widget\" data-e-type=\"widget\" data-widget_type=\"text-editor.default\">\n\t\t\t\t<div class=\"elementor-widget-container\">\n\t\t\t\t\t\t\t\t\t<h2 data-pm-slice=\"1 1 []\"><strong>Caract\u00e9ristiques de la plate-forme<\/strong><\/h2><ul data-spread=\"false\" data-pm-slice=\"3 3 []\"><li><p><strong>Classement WPN :<\/strong> Note ind\u00e9pendante bas\u00e9e sur la qualit\u00e9 du club, les installations et les commentaires v\u00e9rifi\u00e9s.<\/p><\/li><li><p><strong>Acc\u00e8s multilingue :<\/strong> anglais, espagnol, fran\u00e7ais et catalan<\/p><\/li><li><p><strong>Annuaire mondial :<\/strong> Clubs r\u00e9pertori\u00e9s de Buenos Aires \u00e0 Duba\u00ef<\/p><\/li><li><p><strong>Programme du club fondateur :<\/strong> Les premiers utilisateurs re\u00e7oivent un badge v\u00e9rifi\u00e9 et b\u00e9n\u00e9ficient d&rsquo;un r\u00e9f\u00e9rencement premium.<\/p><\/li><li><p><strong>Ajouts hebdomadaires de clubs :<\/strong> Le r\u00e9pertoire s&rsquo;enrichit chaque semaine de nouveaux clubs.<\/p><\/li><\/ul>\t\t\t\t\t\t\t\t<\/div>\n\t\t\t\t<\/div>\n\t\t\t\t<div class=\"elementor-element elementor-element-5f260cc elementor-widget-divider--view-line elementor-widget elementor-widget-divider\" data-id=\"5f260cc\" data-element_type=\"widget\" data-e-type=\"widget\" data-widget_type=\"divider.default\">\n\t\t\t\t<div class=\"elementor-widget-container\">\n\t\t\t\t\t\t\t<div class=\"elementor-divider\">\n\t\t\t<span class=\"elementor-divider-separator\">\n\t\t\t\t\t\t<\/span>\n\t\t<\/div>\n\t\t\t\t\t\t<\/div>\n\t\t\t\t<\/div>\n\t\t\t\t<\/div>\n\t\t<div class=\"elementor-element elementor-element-934d2f9 e-con-full e-flex e-con e-child\" data-id=\"934d2f9\" data-element_type=\"container\" data-e-type=\"container\" data-settings=\"{&quot;jet_parallax_layout_list&quot;:[]}\">\n\t\t\t\t<div class=\"elementor-element elementor-element-8aedd63 elementor-widget elementor-widget-text-editor\" data-id=\"8aedd63\" data-element_type=\"widget\" data-e-type=\"widget\" data-widget_type=\"text-editor.default\">\n\t\t\t\t<div class=\"elementor-widget-container\">\n\t\t\t\t\t\t\t\t\t<h2 data-pm-slice=\"1 1 []\"><strong>Logos, actifs de marque et captures d&rsquo;\u00e9cran de sites web<\/strong><\/h2>\t\t\t\t\t\t\t\t<\/div>\n\t\t\t\t<\/div>\n\t\t\t\t<div class=\"elementor-element elementor-element-31842af elementor-widget elementor-widget-button\" data-id=\"31842af\" data-element_type=\"widget\" data-e-type=\"widget\" data-widget_type=\"button.default\">\n\t\t\t\t<div class=\"elementor-widget-container\">\n\t\t\t\t\t\t\t\t\t<div class=\"elementor-button-wrapper\">\n\t\t\t\t\t<a class=\"elementor-button elementor-button-link elementor-size-sm\" href=\"https:\/\/drive.google.com\/drive\/folders\/1sLqDK0aB44wUWs1wpk3ftQvBhq85i-ca?usp=drive_link\" rel=\"noopener\">\n\t\t\t\t\t\t<span class=\"elementor-button-content-wrapper\">\n\t\t\t\t\t\t\t\t\t<span class=\"elementor-button-text\">Lien Google Drive<\/span>\n\t\t\t\t\t<\/span>\n\t\t\t\t\t<\/a>\n\t\t\t\t<\/div>\n\t\t\t\t\t\t\t\t<\/div>\n\t\t\t\t<\/div>\n\t\t\t\t<div class=\"elementor-element elementor-element-8fe2652 elementor-widget-divider--view-line elementor-widget elementor-widget-divider\" data-id=\"8fe2652\" data-element_type=\"widget\" data-e-type=\"widget\" data-widget_type=\"divider.default\">\n\t\t\t\t<div class=\"elementor-widget-container\">\n\t\t\t\t\t\t\t<div class=\"elementor-divider\">\n\t\t\t<span class=\"elementor-divider-separator\">\n\t\t\t\t\t\t<\/span>\n\t\t<\/div>\n\t\t\t\t\t\t<\/div>\n\t\t\t\t<\/div>\n\t\t\t\t<\/div>\n\t\t<div class=\"elementor-element elementor-element-d27dde2 e-con-full e-flex e-con e-child\" data-id=\"d27dde2\" data-element_type=\"container\" data-e-type=\"container\" data-settings=\"{&quot;jet_parallax_layout_list&quot;:[]}\">\n\t\t\t\t<div class=\"elementor-element elementor-element-61df75b elementor-widget elementor-widget-text-editor\" data-id=\"61df75b\" data-element_type=\"widget\" data-e-type=\"widget\" data-widget_type=\"text-editor.default\">\n\t\t\t\t<div class=\"elementor-widget-container\">\n\t\t\t\t\t\t\t\t\t<h2 data-pm-slice=\"1 1 []\"><strong>Contact<\/strong><\/h2><p data-pm-slice=\"1 1 []\"><strong>Contact m\u00e9dias :<\/strong><br>Jamie Rowe<br>Fondateur, World Padel Network<br> Courriel : <a>press@worldpadelnetwork.com<\/a><br>Site web : <a href=\"http:\/\/www.worldpadelnetwork.com\">www.worldpadelnetwork.com<\/a><br>Lieu : Barcelone, Espagne<\/p>\t\t\t\t\t\t\t\t<\/div>\n\t\t\t\t<\/div>\n\t\t\t\t<\/div>\n\t\t\t\t\t<\/div>\n\t\t\t\t<\/div>\n\t\t\t\t<\/div>\n\t\t","protected":false},"excerpt":{"rendered":"<p>Presse et m\u00e9dias Table des mati\u00e8res Vue d&rsquo;ensemble World Padel Network\u2122 (WPN) est l&rsquo;annuaire mondial officiel et le syst\u00e8me de notation pour les joueurs et les clubs de padel. Lanc\u00e9 en juillet 2025, WPN aide les joueurs \u00e0 d\u00e9couvrir, comparer et se connecter avec les meilleurs clubs de padel \u00e0 travers les cinq continents. La [&hellip;]<\/p>\n","protected":false},"author":1,"featured_media":0,"parent":0,"menu_order":0,"comment_status":"closed","ping_status":"closed","template":"","meta":{"_acf_changed":false,"footnotes":""},"class_list":["post-1655","page","type-page","status-publish","hentry"],"acf":[],"_links":{"self":[{"href":"https:\/\/www.worldpadelnetwork.com\/fr\/wp-json\/wp\/v2\/pages\/1655","targetHints":{"allow":["GET"]}}],"collection":[{"href":"https:\/\/www.worldpadelnetwork.com\/fr\/wp-json\/wp\/v2\/pages"}],"about":[{"href":"https:\/\/www.worldpadelnetwork.com\/fr\/wp-json\/wp\/v2\/types\/page"}],"author":[{"embeddable":true,"href":"https:\/\/www.worldpadelnetwork.com\/fr\/wp-json\/wp\/v2\/users\/1"}],"replies":[{"embeddable":true,"href":"https:\/\/www.worldpadelnetwork.com\/fr\/wp-json\/wp\/v2\/comments?post=1655"}],"version-history":[{"count":0,"href":"https:\/\/www.worldpadelnetwork.com\/fr\/wp-json\/wp\/v2\/pages\/1655\/revisions"}],"wp:attachment":[{"href":"https:\/\/www.worldpadelnetwork.com\/fr\/wp-json\/wp\/v2\/media?parent=1655"}],"curies":[{"name":"wp","href":"https:\/\/api.w.org\/{rel}","templated":true}]}}