{"id":1657,"date":"2025-06-24T11:26:37","date_gmt":"2025-06-24T11:26:37","guid":{"rendered":"https:\/\/www.worldpadelnetwork.com\/pulsa\/"},"modified":"2025-06-27T07:51:07","modified_gmt":"2025-06-27T07:51:07","slug":"pulsa","status":"publish","type":"page","link":"https:\/\/www.worldpadelnetwork.com\/es\/pulsa\/","title":{"rendered":"Pulsa"},"content":{"rendered":"\t\t<div data-elementor-type=\"wp-page\" data-elementor-id=\"1657\" class=\"elementor elementor-1657 elementor-1654\" data-elementor-post-type=\"page\">\n\t\t\t\t<div class=\"elementor-element elementor-element-e1c4f68 e-flex e-con-boxed e-con e-parent\" data-id=\"e1c4f68\" data-element_type=\"container\" data-e-type=\"container\" data-settings=\"{&quot;jet_parallax_layout_list&quot;:[]}\">\n\t\t\t\t\t<div class=\"e-con-inner\">\n\t\t\t\t<div class=\"elementor-element elementor-element-4c956ad elementor-widget elementor-widget-heading\" data-id=\"4c956ad\" data-element_type=\"widget\" data-e-type=\"widget\" data-widget_type=\"heading.default\">\n\t\t\t\t<div class=\"elementor-widget-container\">\n\t\t\t\t\t<h1 class=\"elementor-heading-title elementor-size-default\">Prensa y medios de comunicaci\u00f3n<\/h1>\t\t\t\t<\/div>\n\t\t\t\t<\/div>\n\t\t\t\t\t<\/div>\n\t\t\t\t<\/div>\n\t\t<div class=\"elementor-element elementor-element-8ff38e8 e-flex e-con-boxed e-con e-parent\" data-id=\"8ff38e8\" data-element_type=\"container\" data-e-type=\"container\" data-settings=\"{&quot;jet_parallax_layout_list&quot;:[]}\">\n\t\t\t\t\t<div class=\"e-con-inner\">\n\t\t\t\t<div class=\"elementor-element elementor-element-9ea5b08 elementor-toc--minimized-on-tablet elementor-widget elementor-widget-table-of-contents\" data-id=\"9ea5b08\" data-element_type=\"widget\" data-e-type=\"widget\" data-settings=\"{&quot;marker_view&quot;:&quot;bullets&quot;,&quot;icon&quot;:{&quot;value&quot;:&quot;far fa-circle&quot;,&quot;library&quot;:&quot;fa-regular&quot;,&quot;rendered_tag&quot;:&quot;&lt;svg class=\\&quot;e-font-icon-svg e-far-circle\\&quot; viewBox=\\&quot;0 0 512 512\\&quot; xmlns=\\&quot;http:\\\/\\\/www.w3.org\\\/2000\\\/svg\\&quot;&gt;&lt;path d=\\&quot;M256 8C119 8 8 119 8 256s111 248 248 248 248-111 248-248S393 8 256 8zm0 448c-110.5 0-200-89.5-200-200S145.5 56 256 56s200 89.5 200 200-89.5 200-200 200z\\&quot;&gt;&lt;\\\/path&gt;&lt;\\\/svg&gt;&quot;},&quot;no_headings_message&quot;:&quot;No headings were found on this page.&quot;,&quot;min_height&quot;:{&quot;unit&quot;:&quot;px&quot;,&quot;size&quot;:0,&quot;sizes&quot;:[]},&quot;headings_by_tags&quot;:[&quot;h2&quot;,&quot;h3&quot;,&quot;h4&quot;,&quot;h5&quot;,&quot;h6&quot;],&quot;minimize_box&quot;:&quot;yes&quot;,&quot;minimized_on&quot;:&quot;tablet&quot;,&quot;hierarchical_view&quot;:&quot;yes&quot;,&quot;min_height_tablet&quot;:{&quot;unit&quot;:&quot;px&quot;,&quot;size&quot;:&quot;&quot;,&quot;sizes&quot;:[]},&quot;min_height_mobile&quot;:{&quot;unit&quot;:&quot;px&quot;,&quot;size&quot;:&quot;&quot;,&quot;sizes&quot;:[]}}\" data-widget_type=\"table-of-contents.default\">\n\t\t\t\t<div class=\"elementor-widget-container\">\n\t\t\t\t\t\t\t\t\t<div class=\"elementor-toc__header\">\n\t\t\t\t\t\t<h4 class=\"elementor-toc__header-title\">\n\t\t\t\t\u00cdndice\t\t\t<\/h4>\n\t\t\t\t\t\t\t\t\t\t<div class=\"elementor-toc__toggle-button elementor-toc__toggle-button--expand\" role=\"button\" tabindex=\"0\" aria-controls=\"elementor-toc__9ea5b08\" aria-expanded=\"true\" aria-label=\"Abrir la tabla de contenidos\"><svg aria-hidden=\"true\" class=\"e-font-icon-svg e-fas-chevron-down\" viewBox=\"0 0 448 512\" xmlns=\"http:\/\/www.w3.org\/2000\/svg\"><path d=\"M207.029 381.476L12.686 187.132c-9.373-9.373-9.373-24.569 0-33.941l22.667-22.667c9.357-9.357 24.522-9.375 33.901-.04L224 284.505l154.745-154.021c9.379-9.335 24.544-9.317 33.901.04l22.667 22.667c9.373 9.373 9.373 24.569 0 33.941L240.971 381.476c-9.373 9.372-24.569 9.372-33.942 0z\"><\/path><\/svg><\/div>\n\t\t\t\t<div class=\"elementor-toc__toggle-button elementor-toc__toggle-button--collapse\" role=\"button\" tabindex=\"0\" aria-controls=\"elementor-toc__9ea5b08\" aria-expanded=\"true\" aria-label=\"Cerrar la tabla de contenidos\"><svg aria-hidden=\"true\" class=\"e-font-icon-svg e-fas-chevron-up\" viewBox=\"0 0 448 512\" xmlns=\"http:\/\/www.w3.org\/2000\/svg\"><path d=\"M240.971 130.524l194.343 194.343c9.373 9.373 9.373 24.569 0 33.941l-22.667 22.667c-9.357 9.357-24.522 9.375-33.901.04L224 227.495 69.255 381.516c-9.379 9.335-24.544 9.317-33.901-.04l-22.667-22.667c-9.373-9.373-9.373-24.569 0-33.941L207.03 130.525c9.372-9.373 24.568-9.373 33.941-.001z\"><\/path><\/svg><\/div>\n\t\t\t\t\t<\/div>\n\t\t\t\t<div id=\"elementor-toc__9ea5b08\" class=\"elementor-toc__body\">\n\t\t\t<div class=\"elementor-toc__spinner-container\">\n\t\t\t\t<svg class=\"elementor-toc__spinner eicon-animation-spin e-font-icon-svg e-eicon-loading\" aria-hidden=\"true\" viewBox=\"0 0 1000 1000\" xmlns=\"http:\/\/www.w3.org\/2000\/svg\"><path d=\"M500 975V858C696 858 858 696 858 500S696 142 500 142 142 304 142 500H25C25 237 238 25 500 25S975 237 975 500 763 975 500 975Z\"><\/path><\/svg>\t\t\t<\/div>\n\t\t<\/div>\n\t\t\t\t\t\t<\/div>\n\t\t\t\t<\/div>\n\t\t\t\t\t<\/div>\n\t\t\t\t<\/div>\n\t\t<div class=\"elementor-element elementor-element-70b53cf e-flex e-con-boxed e-con e-parent\" data-id=\"70b53cf\" data-element_type=\"container\" data-e-type=\"container\" data-settings=\"{&quot;jet_parallax_layout_list&quot;:[]}\">\n\t\t\t\t\t<div class=\"e-con-inner\">\n\t\t<div class=\"elementor-element elementor-element-6a81279 e-con-full e-flex e-con e-child\" data-id=\"6a81279\" data-element_type=\"container\" data-e-type=\"container\" data-settings=\"{&quot;jet_parallax_layout_list&quot;:[]}\">\n\t\t\t\t<div class=\"elementor-element elementor-element-a64a3ff elementor-widget elementor-widget-text-editor\" data-id=\"a64a3ff\" data-element_type=\"widget\" data-e-type=\"widget\" data-widget_type=\"text-editor.default\">\n\t\t\t\t<div class=\"elementor-widget-container\">\n\t\t\t\t\t\t\t\t\t<h3><strong>Visi\u00f3n general<\/strong><\/h3><p data-pm-slice=\"1 1 []\"><strong>World Padel Network\u2122<\/strong> <strong>(WPN)<\/strong> es el directorio global oficial y el sistema de clasificaci\u00f3n para jugadores y clubes de p\u00e1del. Lanzada en julio de 2025, la WPN ayuda a los jugadores a descubrir, comparar y conectar con los mejores clubes de p\u00e1del de los cinco continentes. <\/p><p>La plataforma cuenta con:<\/p><ul data-spread=\"false\"><li><p>Listados de clubes verificados en <strong>Europa, Sudam\u00e9rica, Norteam\u00e9rica, Asia y \u00c1frica<\/strong><\/p><\/li><li><p>Un sistema transparente de <strong>clasificaci\u00f3n de la WPN<\/strong> para la calidad de los clubes<\/p><\/li><li><p>Soporte multiling\u00fce<strong>(ingl\u00e9s, espa\u00f1ol, franc\u00e9s, catal\u00e1n<\/strong>) y m\u00e1s en el futuro<\/p><\/li><li><p>Perfiles de los clubes, incluidos detalles de las pistas, instalaciones, opiniones e informaci\u00f3n sobre reservas<\/p><\/li><\/ul><p>Los jugadores pueden buscar por ciudad, filtrar por caracter\u00edsticas y leer opiniones verificadas, mientras que los clubes ganan visibilidad y confianza a trav\u00e9s de una plataforma moderna y centralizada.<\/p>\t\t\t\t\t\t\t\t<\/div>\n\t\t\t\t<\/div>\n\t\t\t\t<div class=\"elementor-element elementor-element-d41662d elementor-widget-divider--view-line elementor-widget elementor-widget-divider\" data-id=\"d41662d\" data-element_type=\"widget\" data-e-type=\"widget\" data-widget_type=\"divider.default\">\n\t\t\t\t<div class=\"elementor-widget-container\">\n\t\t\t\t\t\t\t<div class=\"elementor-divider\">\n\t\t\t<span class=\"elementor-divider-separator\">\n\t\t\t\t\t\t<\/span>\n\t\t<\/div>\n\t\t\t\t\t\t<\/div>\n\t\t\t\t<\/div>\n\t\t\t\t<\/div>\n\t\t<div class=\"elementor-element elementor-element-d9ac89a e-con-full e-flex e-con e-child\" data-id=\"d9ac89a\" data-element_type=\"container\" data-e-type=\"container\" data-settings=\"{&quot;jet_parallax_layout_list&quot;:[]}\">\n\t\t\t\t<div class=\"elementor-element elementor-element-662286f elementor-widget elementor-widget-text-editor\" data-id=\"662286f\" data-element_type=\"widget\" data-e-type=\"widget\" data-widget_type=\"text-editor.default\">\n\t\t\t\t<div class=\"elementor-widget-container\">\n\t\t\t\t\t\t\t\t\t<h3><strong><span style=\"color: inherit; font-family: inherit; font-size: 2rem;\">Biograf\u00eda del fundador<\/span><\/strong><\/h3><p data-pm-slice=\"1 1 []\"><strong>Jamie Rowe<\/strong> es un estratega digital y entusiasta del p\u00e1del afincado en Barcelona. Con experiencia en SEO y marketing internacional, fund\u00f3 World Padel Network en 2025 para aportar estructura y transparencia a uno de los deportes de m\u00e1s r\u00e1pido crecimiento del mundo. <\/p><p><strong>Cita: <\/strong>\u00abHemos creado la WPN para ayudar a los jugadores a tomar decisiones con m\u00e1s confianza y para dar a los grandes clubes de p\u00e1del la visibilidad que se merecen. Nuestro objetivo es conectar a la comunidad mundial del p\u00e1del, ciudad por ciudad\u00bb.<\/p>\t\t\t\t\t\t\t\t<\/div>\n\t\t\t\t<\/div>\n\t\t\t\t<div class=\"elementor-element elementor-element-8d12c2e elementor-widget-divider--view-line elementor-widget elementor-widget-divider\" data-id=\"8d12c2e\" data-element_type=\"widget\" data-e-type=\"widget\" data-widget_type=\"divider.default\">\n\t\t\t\t<div class=\"elementor-widget-container\">\n\t\t\t\t\t\t\t<div class=\"elementor-divider\">\n\t\t\t<span class=\"elementor-divider-separator\">\n\t\t\t\t\t\t<\/span>\n\t\t<\/div>\n\t\t\t\t\t\t<\/div>\n\t\t\t\t<\/div>\n\t\t\t\t<\/div>\n\t\t<div class=\"elementor-element elementor-element-1cb1442 e-con-full e-flex e-con e-child\" data-id=\"1cb1442\" data-element_type=\"container\" data-e-type=\"container\" data-settings=\"{&quot;jet_parallax_layout_list&quot;:[]}\">\n\t\t\t\t<div class=\"elementor-element elementor-element-20e783b elementor-widget elementor-widget-text-editor\" data-id=\"20e783b\" data-element_type=\"widget\" data-e-type=\"widget\" data-widget_type=\"text-editor.default\">\n\t\t\t\t<div class=\"elementor-widget-container\">\n\t\t\t\t\t\t\t\t\t<h2 data-pm-slice=\"1 1 []\"><strong>Caracter\u00edsticas de la plataforma<\/strong><\/h2><ul data-spread=\"false\" data-pm-slice=\"3 3 []\"><li><p><strong>Puntuaci\u00f3n de la WPN:<\/strong> Puntuaci\u00f3n independiente basada en la calidad del club, las instalaciones y las opiniones verificadas<\/p><\/li><li><p><strong>Acceso multiling\u00fce:<\/strong> Ingl\u00e9s, espa\u00f1ol, franc\u00e9s y catal\u00e1n<\/p><\/li><li><p><strong>Directorio mundial:<\/strong> Lista de clubes desde Buenos Aires hasta Dubai<\/p><\/li><li><p><strong>Programa Club Fundador:<\/strong> Los primeros en adoptar el programa reciben una insignia verificada y ventajas de inclusi\u00f3n en la lista premium<\/p><\/li><li><p><strong>Adiciones semanales de clubes:<\/strong> El directorio crece cada semana a medida que m\u00e1s<\/p><\/li><\/ul>\t\t\t\t\t\t\t\t<\/div>\n\t\t\t\t<\/div>\n\t\t\t\t<div class=\"elementor-element elementor-element-5f260cc elementor-widget-divider--view-line elementor-widget elementor-widget-divider\" data-id=\"5f260cc\" data-element_type=\"widget\" data-e-type=\"widget\" data-widget_type=\"divider.default\">\n\t\t\t\t<div class=\"elementor-widget-container\">\n\t\t\t\t\t\t\t<div class=\"elementor-divider\">\n\t\t\t<span class=\"elementor-divider-separator\">\n\t\t\t\t\t\t<\/span>\n\t\t<\/div>\n\t\t\t\t\t\t<\/div>\n\t\t\t\t<\/div>\n\t\t\t\t<\/div>\n\t\t<div class=\"elementor-element elementor-element-934d2f9 e-con-full e-flex e-con e-child\" data-id=\"934d2f9\" data-element_type=\"container\" data-e-type=\"container\" data-settings=\"{&quot;jet_parallax_layout_list&quot;:[]}\">\n\t\t\t\t<div class=\"elementor-element elementor-element-8aedd63 elementor-widget elementor-widget-text-editor\" data-id=\"8aedd63\" data-element_type=\"widget\" data-e-type=\"widget\" data-widget_type=\"text-editor.default\">\n\t\t\t\t<div class=\"elementor-widget-container\">\n\t\t\t\t\t\t\t\t\t<h2 data-pm-slice=\"1 1 []\"><strong>Logotipos, activos de marca y capturas de pantalla del sitio web<\/strong><\/h2>\t\t\t\t\t\t\t\t<\/div>\n\t\t\t\t<\/div>\n\t\t\t\t<div class=\"elementor-element elementor-element-31842af elementor-widget elementor-widget-button\" data-id=\"31842af\" data-element_type=\"widget\" data-e-type=\"widget\" data-widget_type=\"button.default\">\n\t\t\t\t<div class=\"elementor-widget-container\">\n\t\t\t\t\t\t\t\t\t<div class=\"elementor-button-wrapper\">\n\t\t\t\t\t<a class=\"elementor-button elementor-button-link elementor-size-sm\" href=\"https:\/\/drive.google.com\/drive\/folders\/1sLqDK0aB44wUWs1wpk3ftQvBhq85i-ca?usp=drive_link\" rel=\"noopener\">\n\t\t\t\t\t\t<span class=\"elementor-button-content-wrapper\">\n\t\t\t\t\t\t\t\t\t<span class=\"elementor-button-text\">Enlace Google Drive<\/span>\n\t\t\t\t\t<\/span>\n\t\t\t\t\t<\/a>\n\t\t\t\t<\/div>\n\t\t\t\t\t\t\t\t<\/div>\n\t\t\t\t<\/div>\n\t\t\t\t<div class=\"elementor-element elementor-element-8fe2652 elementor-widget-divider--view-line elementor-widget elementor-widget-divider\" data-id=\"8fe2652\" data-element_type=\"widget\" data-e-type=\"widget\" data-widget_type=\"divider.default\">\n\t\t\t\t<div class=\"elementor-widget-container\">\n\t\t\t\t\t\t\t<div class=\"elementor-divider\">\n\t\t\t<span class=\"elementor-divider-separator\">\n\t\t\t\t\t\t<\/span>\n\t\t<\/div>\n\t\t\t\t\t\t<\/div>\n\t\t\t\t<\/div>\n\t\t\t\t<\/div>\n\t\t<div class=\"elementor-element elementor-element-d27dde2 e-con-full e-flex e-con e-child\" data-id=\"d27dde2\" data-element_type=\"container\" data-e-type=\"container\" data-settings=\"{&quot;jet_parallax_layout_list&quot;:[]}\">\n\t\t\t\t<div class=\"elementor-element elementor-element-61df75b elementor-widget elementor-widget-text-editor\" data-id=\"61df75b\" data-element_type=\"widget\" data-e-type=\"widget\" data-widget_type=\"text-editor.default\">\n\t\t\t\t<div class=\"elementor-widget-container\">\n\t\t\t\t\t\t\t\t\t<h2 data-pm-slice=\"1 1 []\"><strong>Contacto<\/strong><\/h2><p data-pm-slice=\"1 1 []\"><strong>Contacto con los medios de comunicaci\u00f3n:<\/strong><br>Jamie Rowe<br>Fundador, World Padel Network<br> Correo electr\u00f3nico: <a>press@worldpadelnetwork.com<\/a><br>P\u00e1gina web: <a href=\"http:\/\/www.worldpadelnetwork.com\">www.worldpadelnetwork.com<\/a><br>Ubicaci\u00f3n: Barcelona, Espa\u00f1a<\/p>\t\t\t\t\t\t\t\t<\/div>\n\t\t\t\t<\/div>\n\t\t\t\t<\/div>\n\t\t\t\t\t<\/div>\n\t\t\t\t<\/div>\n\t\t\t\t<\/div>\n\t\t","protected":false},"excerpt":{"rendered":"<p>Prensa y medios de comunicaci\u00f3n \u00cdndice Visi\u00f3n general World Padel Network\u2122 (WPN) es el directorio global oficial y el sistema de clasificaci\u00f3n para jugadores y clubes de p\u00e1del. Lanzada en julio de 2025, la WPN ayuda a los jugadores a descubrir, comparar y conectar con los mejores clubes de p\u00e1del de los cinco continentes. La [&hellip;]<\/p>\n","protected":false},"author":1,"featured_media":0,"parent":0,"menu_order":0,"comment_status":"closed","ping_status":"closed","template":"","meta":{"_acf_changed":false,"footnotes":""},"class_list":["post-1657","page","type-page","status-publish","hentry"],"acf":[],"_links":{"self":[{"href":"https:\/\/www.worldpadelnetwork.com\/es\/wp-json\/wp\/v2\/pages\/1657","targetHints":{"allow":["GET"]}}],"collection":[{"href":"https:\/\/www.worldpadelnetwork.com\/es\/wp-json\/wp\/v2\/pages"}],"about":[{"href":"https:\/\/www.worldpadelnetwork.com\/es\/wp-json\/wp\/v2\/types\/page"}],"author":[{"embeddable":true,"href":"https:\/\/www.worldpadelnetwork.com\/es\/wp-json\/wp\/v2\/users\/1"}],"replies":[{"embeddable":true,"href":"https:\/\/www.worldpadelnetwork.com\/es\/wp-json\/wp\/v2\/comments?post=1657"}],"version-history":[{"count":0,"href":"https:\/\/www.worldpadelnetwork.com\/es\/wp-json\/wp\/v2\/pages\/1657\/revisions"}],"wp:attachment":[{"href":"https:\/\/www.worldpadelnetwork.com\/es\/wp-json\/wp\/v2\/media?parent=1657"}],"curies":[{"name":"wp","href":"https:\/\/api.w.org\/{rel}","templated":true}]}}