{"id":896,"date":"2025-04-24T18:11:17","date_gmt":"2025-04-24T18:11:17","guid":{"rendered":"https:\/\/worldpadelnetwork.com\/politica-de-privacitat\/"},"modified":"2025-06-12T10:39:09","modified_gmt":"2025-06-12T10:39:09","slug":"politica-de-privacitat","status":"publish","type":"page","link":"https:\/\/www.worldpadelnetwork.com\/ca\/politica-de-privacitat\/","title":{"rendered":"Pol\u00edtica de privacitat"},"content":{"rendered":"\n<p><strong>Data d&#8217;entrada en vigor:<\/strong> 26.05.2025<\/p>\n\n<p>A World Padel Network (\u201cnosaltres\u201d, \u201cnostre\u201d, \u201cens\u201d), la vostra privadesa \u00e9s important per a nosaltres. Aquesta Pol\u00edtica de privadesa explica com recopilem, utilitzem, emmagatzemem i protegim les vostres dades personals quan visiteu el nostre lloc web, envieu un anunci de club o us subscriviu a un pla de pagament. <\/p>\n\n<hr class=\"wp-block-separator has-alpha-channel-opacity\"\/>\n\n<h3 class=\"wp-block-heading\">1. <strong>Quines dades recopilem<\/strong><\/h3>\n\n<p>Podem recopilar la informaci\u00f3 seg\u00fcent:<\/p>\n\n<ul class=\"wp-block-list\">\n<li><strong>Identificadors personals:<\/strong> Nom, adre\u00e7a de correu electr\u00f2nic, adre\u00e7a IP<\/li>\n\n\n\n<li><strong>Dades del club:<\/strong> nom del club, ubicaci\u00f3, dades de contacte, imatges<\/li>\n\n\n\n<li><strong>Dades de pagament:<\/strong> Nom de facturaci\u00f3, ID de transacci\u00f3, pla de subscripci\u00f3 (processat a trav\u00e9s de Stripe; <strong>no<\/strong> emmagatzemem n\u00fameros de targetes de cr\u00e8dit)<\/li>\n\n\n\n<li><strong>Dades t\u00e8cniques\/del dispositiu:<\/strong> tipus de navegador, informaci\u00f3 del dispositiu, font de refer\u00e8ncia<\/li>\n\n\n\n<li><strong>Dades d&#8217;\u00fas:<\/strong> P\u00e0gines visitades, temps al lloc web, accions realitzades<\/li>\n<\/ul>\n\n<hr class=\"wp-block-separator has-alpha-channel-opacity\"\/>\n\n<h3 class=\"wp-block-heading\">2. <strong>Com recopilem les vostres dades<\/strong><\/h3>\n\n<p>Recopilem dades a trav\u00e9s de:<\/p>\n\n<ul class=\"wp-block-list\">\n<li>Formularis de contacte i formularis de subscripci\u00f3<\/li>\n\n\n\n<li>Registre de compte (si escau)<\/li>\n\n\n\n<li>Processament de pagaments Stripe (pagament segur)<\/li>\n\n\n\n<li>Galetes i tecnologies de seguiment (per exemple, Google Analytics)<\/li>\n\n\n\n<li>Enviaments de llistats de clubs i llistats reclamats<\/li>\n<\/ul>\n\n<hr class=\"wp-block-separator has-alpha-channel-opacity\"\/>\n\n<h3 class=\"wp-block-heading\">3. <strong>Per qu\u00e8 fem servir les vostres dades<\/strong><\/h3>\n\n<p>Fem servir les teves dades per:<\/p>\n\n<ul class=\"wp-block-list\">\n<li>Proporcionar i gestionar els llistats del club<\/li>\n\n\n\n<li>Respondre a consultes o sol\u00b7licituds d&#8217;assist\u00e8ncia<\/li>\n\n\n\n<li>Processar i gestionar els pagaments de subscripcions<\/li>\n\n\n\n<li>Mostra la fitxa del teu club i els mitjans associats<\/li>\n\n\n\n<li>Enviar correus electr\u00f2nics transaccionals (per exemple, avisos de confirmaci\u00f3 o renovaci\u00f3)<\/li>\n\n\n\n<li>Analitzar el tr\u00e0nsit i millorar l \u201cexperi\u00e8ncia de l\u201d usuari<\/li>\n<\/ul>\n\n<hr class=\"wp-block-separator has-alpha-channel-opacity\"\/>\n\n<h3 class=\"wp-block-heading\">4. <strong>Base jur\u00eddica del processament<\/strong><\/h3>\n\n<p>Segons el RGPD, ens basem en les seg\u00fcents bases jur\u00eddiques:<\/p>\n\n<ul class=\"wp-block-list\">\n<li><strong>Consentiment:<\/strong> Per a cookies, an\u00e0lisis i comunicacions no essencials<\/li>\n\n\n\n<li><strong>Contracte:<\/strong> Per processar la teva subscripci\u00f3 i mantenir el teu anunci<\/li>\n\n\n\n<li><strong>Interessos leg\u00edtims:<\/strong> Per a la prevenci\u00f3 del frau, l&#8217;administraci\u00f3 interna i la millora de la plataforma<\/li>\n<\/ul>\n\n<hr class=\"wp-block-separator has-alpha-channel-opacity\"\/>\n\n<h3 class=\"wp-block-heading\">5. <strong>Compartici\u00f3 de dades<\/strong><\/h3>\n\n<p>Podem compartir dades amb tercers de confian\u00e7a per a les finalitats descrites anteriorment:<\/p>\n\n<ul class=\"wp-block-list\">\n<li><strong>Stripe:<\/strong> Per processar pagaments<\/li>\n\n\n\n<li><strong>Google Analytics:<\/strong> Per a estad\u00edstiques del tr\u00e0nsit del lloc web<\/li>\n\n\n\n<li><strong>Prove\u00efdors d&#8217;allotjament i seguretat:<\/strong> per garantir un funcionament fluid de la plataforma<\/li>\n\n\n\n<li><strong>Equip intern o subcontractistes:<\/strong> Per a suport i manteniment de la plataforma<\/li>\n<\/ul>\n\n<p><strong>No<\/strong> venem ni lloguem les vostres dades personals a tercers.<\/p>\n\n<hr class=\"wp-block-separator has-alpha-channel-opacity\"\/>\n\n<h3 class=\"wp-block-heading\">6. <strong>Galetes i seguiment<\/strong><\/h3>\n\n<p>Fem servir galetes per:<\/p>\n\n<ul class=\"wp-block-list\">\n<li>Recorda les prefer\u00e8ncies de l&#8217;usuari<\/li>\n\n\n\n<li>Seguiment de l&#8217;\u00fas i el rendiment del lloc web<\/li>\n\n\n\n<li>Activa funcions com ara sessions d&#8217;inici de sessi\u00f3 i llistats basats en la ubicaci\u00f3<\/li>\n<\/ul>\n\n<p>Consulteu la nostra <a>Pol\u00edtica de cookies<\/a> per obtenir m\u00e9s informaci\u00f3.<\/p>\n\n<hr class=\"wp-block-separator has-alpha-channel-opacity\"\/>\n\n<h3 class=\"wp-block-heading\">7. <strong>Els vostres drets (segons el RGPD)<\/strong><\/h3>\n\n<p>Com a subjecte de dades de la UE, tens dret a:<\/p>\n\n<ul class=\"wp-block-list\">\n<li>Accedir a les teves dades personals<\/li>\n\n\n\n<li>Corregir o actualitzar la informaci\u00f3 inexacta<\/li>\n\n\n\n<li>Sol\u00b7licitud d \u00abeliminaci\u00f3 (\u201cDret a l\u201d oblit\u00bb)<\/li>\n\n\n\n<li>Objectar-se al processament o sol\u00b7licitar una restricci\u00f3<\/li>\n\n\n\n<li>Retirar el consentiment en qualsevol moment (si escau)<\/li>\n\n\n\n<li>Presentar una queixa a l&#8217;Autoritat de Protecci\u00f3 de Dades (APD)<\/li>\n<\/ul>\n\n<p>Per exercir els vostres drets, envieu-nos un correu electr\u00f2nic a <strong><a>contact@worldpadelnetwork.com<\/a><\/strong><\/p>\n\n<hr class=\"wp-block-separator has-alpha-channel-opacity\"\/>\n\n<h3 class=\"wp-block-heading\">8. <strong>Retenci\u00f3 de dades<\/strong><\/h3>\n\n<p>Nom\u00e9s conservem les dades d&#8217;usuaris i de subscripcions durant el temps que sigui necessari per a:<\/p>\n\n<ul class=\"wp-block-list\">\n<li>Obligacions legals o comptables<\/li>\n\n\n\n<li>Gesti\u00f3 cont\u00ednua de subscripcions<\/li>\n\n\n\n<li>Manteniment de la fitxa del club<\/li>\n<\/ul>\n\n<p>Podeu sol\u00b7licitar l&#8217;eliminaci\u00f3 de les vostres dades en qualsevol moment.<\/p>\n\n<hr class=\"wp-block-separator has-alpha-channel-opacity\"\/>\n\n<h3 class=\"wp-block-heading\">9. <strong>Seguretat<\/strong><\/h3>\n\n<p>Implementem mesures t\u00e8cniques i organitzatives adequades per protegir les vostres dades personals, com ara xifratge SSL, passarel\u00b7les de pagament segures i controls d&#8217;acc\u00e9s.<\/p>\n\n<hr class=\"wp-block-separator has-alpha-channel-opacity\"\/>\n\n<h3 class=\"wp-block-heading\">10. <strong>Canvis en aquesta pol\u00edtica<\/strong><\/h3>\n\n<p>Podem actualitzar aquesta Pol\u00edtica de privacitat peri\u00f2dicament. Qualsevol canvi significatiu es publicar\u00e0 en aquesta p\u00e0gina i, si escau, es notificar\u00e0 per correu electr\u00f2nic. <\/p>\n\n<hr class=\"wp-block-separator has-alpha-channel-opacity\"\/>\n\n<h3 class=\"wp-block-heading\">11. <strong>Contacteu amb nosaltres<\/strong><\/h3>\n\n<p>Si teniu cap pregunta sobre aquesta Pol\u00edtica de privacitat o sobre les vostres dades:<\/p>\n\n<p>\ud83d\udce7 <strong>Correu electr\u00f2nic:<\/strong> <a>contact@worldpadelnetwork.com<\/a><br\/> \ud83c\udf0d Lloc web: <a href=\"https:\/\/www.worldpadelnetwork.com\" data-type=\"link\" data-id=\"https:\/\/www.worldpadelnetwork.com\">https:\/\/www.worldpadelnetwork.com<\/a><\/p>\n\n<p><\/p>\n","protected":false},"excerpt":{"rendered":"<p>Data d&#8217;entrada en vigor: 26.05.2025 A World Padel Network (\u201cnosaltres\u201d, \u201cnostre\u201d, \u201cens\u201d), la vostra privadesa \u00e9s important per a nosaltres. Aquesta Pol\u00edtica de privadesa explica com recopilem, utilitzem, emmagatzemem i protegim les vostres dades personals quan visiteu el nostre lloc web, envieu un anunci de club o us subscriviu a un pla de pagament. 1. [&hellip;]<\/p>\n","protected":false},"author":1,"featured_media":0,"parent":0,"menu_order":0,"comment_status":"closed","ping_status":"open","template":"","meta":{"_acf_changed":false,"footnotes":""},"class_list":["post-896","page","type-page","status-publish","hentry"],"acf":[],"_links":{"self":[{"href":"https:\/\/www.worldpadelnetwork.com\/ca\/wp-json\/wp\/v2\/pages\/896","targetHints":{"allow":["GET"]}}],"collection":[{"href":"https:\/\/www.worldpadelnetwork.com\/ca\/wp-json\/wp\/v2\/pages"}],"about":[{"href":"https:\/\/www.worldpadelnetwork.com\/ca\/wp-json\/wp\/v2\/types\/page"}],"author":[{"embeddable":true,"href":"https:\/\/www.worldpadelnetwork.com\/ca\/wp-json\/wp\/v2\/users\/1"}],"replies":[{"embeddable":true,"href":"https:\/\/www.worldpadelnetwork.com\/ca\/wp-json\/wp\/v2\/comments?post=896"}],"version-history":[{"count":0,"href":"https:\/\/www.worldpadelnetwork.com\/ca\/wp-json\/wp\/v2\/pages\/896\/revisions"}],"wp:attachment":[{"href":"https:\/\/www.worldpadelnetwork.com\/ca\/wp-json\/wp\/v2\/media?parent=896"}],"curies":[{"name":"wp","href":"https:\/\/api.w.org\/{rel}","templated":true}]}}