{"id":850,"date":"2025-05-22T08:23:27","date_gmt":"2025-05-22T08:23:27","guid":{"rendered":"https:\/\/worldpadelnetwork.com\/avis-legal\/"},"modified":"2025-05-22T16:14:05","modified_gmt":"2025-05-22T16:14:05","slug":"avis-legal","status":"publish","type":"page","link":"https:\/\/www.worldpadelnetwork.com\/ca\/avis-legal\/","title":{"rendered":"Av\u00eds legal"},"content":{"rendered":"\n<p><strong>Av\u00eds Legal \/ Informaci\u00f3n Legal<\/strong><\/p>\n\n<p>En compliment de la Llei 34\/2002 de Serveis de la Societat de la Informaci\u00f3 (LSSI-CE), li facilitem la seg\u00fcent informaci\u00f3:<\/p>\n\n<ul class=\"wp-block-list\">\n<li><strong>Propietari del lloc web<\/strong> : World Padel Network<\/li>\n\n\n\n<li><strong>Correu electr\u00f2nic de contacte<\/strong> : <a>contact@worldpadelnetwork.com<\/a><\/li>\n<\/ul>\n\n<p>Per a qualsevol pregunta, contacteu amb nosaltres al correu electr\u00f2nic que hi ha a dalt.<\/p>\n","protected":false},"excerpt":{"rendered":"<p>Av\u00eds Legal \/ Informaci\u00f3n Legal En compliment de la Llei 34\/2002 de Serveis de la Societat de la Informaci\u00f3 (LSSI-CE), li facilitem la seg\u00fcent informaci\u00f3: Per a qualsevol pregunta, contacteu amb nosaltres al correu electr\u00f2nic que hi ha a dalt.<\/p>\n","protected":false},"author":2,"featured_media":0,"parent":0,"menu_order":0,"comment_status":"closed","ping_status":"closed","template":"","meta":{"_acf_changed":false,"footnotes":""},"class_list":["post-850","page","type-page","status-publish","hentry"],"acf":[],"_links":{"self":[{"href":"https:\/\/www.worldpadelnetwork.com\/ca\/wp-json\/wp\/v2\/pages\/850","targetHints":{"allow":["GET"]}}],"collection":[{"href":"https:\/\/www.worldpadelnetwork.com\/ca\/wp-json\/wp\/v2\/pages"}],"about":[{"href":"https:\/\/www.worldpadelnetwork.com\/ca\/wp-json\/wp\/v2\/types\/page"}],"author":[{"embeddable":true,"href":"https:\/\/www.worldpadelnetwork.com\/ca\/wp-json\/wp\/v2\/users\/2"}],"replies":[{"embeddable":true,"href":"https:\/\/www.worldpadelnetwork.com\/ca\/wp-json\/wp\/v2\/comments?post=850"}],"version-history":[{"count":0,"href":"https:\/\/www.worldpadelnetwork.com\/ca\/wp-json\/wp\/v2\/pages\/850\/revisions"}],"wp:attachment":[{"href":"https:\/\/www.worldpadelnetwork.com\/ca\/wp-json\/wp\/v2\/media?parent=850"}],"curies":[{"name":"wp","href":"https:\/\/api.w.org\/{rel}","templated":true}]}}