{"id":4023,"date":"2025-08-27T17:35:15","date_gmt":"2025-08-27T17:35:15","guid":{"rendered":"https:\/\/www.worldpadelnetwork.com\/focus-de-la-comunitat\/"},"modified":"2025-10-08T16:20:31","modified_gmt":"2025-10-08T16:20:31","slug":"focus-de-la-comunitat","status":"publish","type":"page","link":"https:\/\/www.worldpadelnetwork.com\/ca\/focus-de-la-comunitat\/","title":{"rendered":"Focus de la comunitat"},"content":{"rendered":"\t\t<div data-elementor-type=\"wp-page\" data-elementor-id=\"4023\" class=\"elementor elementor-4023 elementor-3168\" data-elementor-post-type=\"page\">\n\t\t\t\t<div class=\"elementor-element elementor-element-81edb1e e-flex e-con-boxed e-con e-parent\" data-id=\"81edb1e\" data-element_type=\"container\" data-e-type=\"container\" data-settings=\"{&quot;jet_parallax_layout_list&quot;:[],&quot;background_background&quot;:&quot;classic&quot;}\">\n\t\t\t\t\t<div class=\"e-con-inner\">\n\t\t\t\t<div class=\"elementor-element elementor-element-849378c elementor-widget elementor-widget-heading\" data-id=\"849378c\" data-element_type=\"widget\" data-e-type=\"widget\" data-widget_type=\"heading.default\">\n\t\t\t\t<div class=\"elementor-widget-container\">\n\t\t\t\t\t<h1 class=\"elementor-heading-title elementor-size-default\">FOCUS COMUNITARIS<\/h1>\t\t\t\t<\/div>\n\t\t\t\t<\/div>\n\t\t\t\t<div class=\"elementor-element elementor-element-f53201e elementor-widget elementor-widget-text-editor\" data-id=\"f53201e\" data-element_type=\"widget\" data-e-type=\"widget\" data-widget_type=\"text-editor.default\">\n\t\t\t\t<div class=\"elementor-widget-container\">\n\t\t\t\t\t\t\t\t\t<p>Una mirada darrere del vidre a les persones que tenen un impacte significatiu a la nostra comunitat de p\u00e0del. Escolta&#8217;ls directament i descobreix com tu tamb\u00e9 pots participar-hi. <\/p>\t\t\t\t\t\t\t\t<\/div>\n\t\t\t\t<\/div>\n\t\t\t\t<div class=\"elementor-element elementor-element-f33b310 elementor-widget elementor-widget-button\" data-id=\"f33b310\" data-element_type=\"widget\" data-e-type=\"widget\" data-widget_type=\"button.default\">\n\t\t\t\t<div class=\"elementor-widget-container\">\n\t\t\t\t\t\t\t\t\t<div class=\"elementor-button-wrapper\">\n\t\t\t\t\t<a class=\"elementor-button elementor-button-link elementor-size-sm elementor-animation-skew-forward\" href=\"https:\/\/www.worldpadelnetwork.com\/ca\/contacte\/\">\n\t\t\t\t\t\t<span class=\"elementor-button-content-wrapper\">\n\t\t\t\t\t\t\t\t\t<span class=\"elementor-button-text\">Sol\u00b7licita la funci\u00f3<\/span>\n\t\t\t\t\t<\/span>\n\t\t\t\t\t<\/a>\n\t\t\t\t<\/div>\n\t\t\t\t\t\t\t\t<\/div>\n\t\t\t\t<\/div>\n\t\t\t\t\t<\/div>\n\t\t\t\t<\/div>\n\t\t<div class=\"elementor-element elementor-element-a19c5ab e-con-full e-flex e-con e-parent\" data-id=\"a19c5ab\" data-element_type=\"container\" data-e-type=\"container\" data-settings=\"{&quot;jet_parallax_layout_list&quot;:[]}\">\n\t\t\t\t<\/div>\n\t\t<div class=\"elementor-element elementor-element-5b17630 e-con-full e-flex e-con e-parent\" data-id=\"5b17630\" data-element_type=\"container\" data-e-type=\"container\" data-settings=\"{&quot;jet_parallax_layout_list&quot;:[],&quot;background_background&quot;:&quot;classic&quot;}\">\n\t\t<div class=\"elementor-element elementor-element-8d73b7e e-con-full e-flex e-con e-child\" data-id=\"8d73b7e\" data-element_type=\"container\" data-e-type=\"container\" data-settings=\"{&quot;jet_parallax_layout_list&quot;:[]}\">\n\t\t\t\t<div class=\"elementor-element elementor-element-43fe8d2 elementor-widget elementor-widget-heading\" data-id=\"43fe8d2\" data-element_type=\"widget\" data-e-type=\"widget\" data-widget_type=\"heading.default\">\n\t\t\t\t<div class=\"elementor-widget-container\">\n\t\t\t\t\t<h3 class=\"elementor-heading-title elementor-size-default\">Coneixes alg\u00fa que hauria d'apar\u00e8ixer al nostre Community Spotlight?<\/h3>\t\t\t\t<\/div>\n\t\t\t\t<\/div>\n\t\t\t\t<div class=\"elementor-element elementor-element-49068f0 elementor-align-center elementor-widget elementor-widget-button\" data-id=\"49068f0\" data-element_type=\"widget\" data-e-type=\"widget\" data-widget_type=\"button.default\">\n\t\t\t\t<div class=\"elementor-widget-container\">\n\t\t\t\t\t\t\t\t\t<div class=\"elementor-button-wrapper\">\n\t\t\t\t\t<a class=\"elementor-button elementor-button-link elementor-size-sm elementor-animation-skew-forward\" href=\"https:\/\/www.worldpadelnetwork.com\/ca\/contacte\/\">\n\t\t\t\t\t\t<span class=\"elementor-button-content-wrapper\">\n\t\t\t\t\t\t\t\t\t<span class=\"elementor-button-text\">Feu-nos-ho saber<\/span>\n\t\t\t\t\t<\/span>\n\t\t\t\t\t<\/a>\n\t\t\t\t<\/div>\n\t\t\t\t\t\t\t\t<\/div>\n\t\t\t\t<\/div>\n\t\t\t\t<\/div>\n\t\t\t\t<\/div>\n\t\t\t\t<\/div>\n\t\t","protected":false},"excerpt":{"rendered":"<p>FOCUS COMUNITARIS Una mirada darrere del vidre a les persones que tenen un impacte significatiu a la nostra comunitat de p\u00e0del. Escolta&#8217;ls directament i descobreix com tu tamb\u00e9 pots participar-hi. Sol\u00b7licita la funci\u00f3 Coneixes alg\u00fa que hauria d&#8217;apar\u00e8ixer al nostre Community Spotlight? Feu-nos-ho saber<\/p>\n","protected":false},"author":1,"featured_media":0,"parent":0,"menu_order":0,"comment_status":"closed","ping_status":"closed","template":"","meta":{"_acf_changed":false,"footnotes":""},"class_list":["post-4023","page","type-page","status-publish","hentry"],"acf":[],"_links":{"self":[{"href":"https:\/\/www.worldpadelnetwork.com\/ca\/wp-json\/wp\/v2\/pages\/4023","targetHints":{"allow":["GET"]}}],"collection":[{"href":"https:\/\/www.worldpadelnetwork.com\/ca\/wp-json\/wp\/v2\/pages"}],"about":[{"href":"https:\/\/www.worldpadelnetwork.com\/ca\/wp-json\/wp\/v2\/types\/page"}],"author":[{"embeddable":true,"href":"https:\/\/www.worldpadelnetwork.com\/ca\/wp-json\/wp\/v2\/users\/1"}],"replies":[{"embeddable":true,"href":"https:\/\/www.worldpadelnetwork.com\/ca\/wp-json\/wp\/v2\/comments?post=4023"}],"version-history":[{"count":0,"href":"https:\/\/www.worldpadelnetwork.com\/ca\/wp-json\/wp\/v2\/pages\/4023\/revisions"}],"wp:attachment":[{"href":"https:\/\/www.worldpadelnetwork.com\/ca\/wp-json\/wp\/v2\/media?parent=4023"}],"curies":[{"name":"wp","href":"https:\/\/api.w.org\/{rel}","templated":true}]}}