{"id":1656,"date":"2025-06-24T11:26:37","date_gmt":"2025-06-24T11:26:37","guid":{"rendered":"https:\/\/www.worldpadelnetwork.com\/premsa\/"},"modified":"2025-06-27T07:51:06","modified_gmt":"2025-06-27T07:51:06","slug":"premsa","status":"publish","type":"page","link":"https:\/\/www.worldpadelnetwork.com\/ca\/premsa\/","title":{"rendered":"Premsa"},"content":{"rendered":"\t\t<div data-elementor-type=\"wp-page\" data-elementor-id=\"1656\" class=\"elementor elementor-1656 elementor-1654\" data-elementor-post-type=\"page\">\n\t\t\t\t<div class=\"elementor-element elementor-element-e1c4f68 e-flex e-con-boxed e-con e-parent\" data-id=\"e1c4f68\" data-element_type=\"container\" data-e-type=\"container\" data-settings=\"{&quot;jet_parallax_layout_list&quot;:[]}\">\n\t\t\t\t\t<div class=\"e-con-inner\">\n\t\t\t\t<div class=\"elementor-element elementor-element-4c956ad elementor-widget elementor-widget-heading\" data-id=\"4c956ad\" data-element_type=\"widget\" data-e-type=\"widget\" data-widget_type=\"heading.default\">\n\t\t\t\t<div class=\"elementor-widget-container\">\n\t\t\t\t\t<h1 class=\"elementor-heading-title elementor-size-default\">Premsa i mitjans de comunicaci\u00f3<\/h1>\t\t\t\t<\/div>\n\t\t\t\t<\/div>\n\t\t\t\t\t<\/div>\n\t\t\t\t<\/div>\n\t\t<div class=\"elementor-element elementor-element-8ff38e8 e-flex e-con-boxed e-con e-parent\" data-id=\"8ff38e8\" data-element_type=\"container\" data-e-type=\"container\" data-settings=\"{&quot;jet_parallax_layout_list&quot;:[]}\">\n\t\t\t\t\t<div class=\"e-con-inner\">\n\t\t\t\t<div class=\"elementor-element elementor-element-9ea5b08 elementor-toc--minimized-on-tablet elementor-widget elementor-widget-table-of-contents\" data-id=\"9ea5b08\" data-element_type=\"widget\" data-e-type=\"widget\" data-settings=\"{&quot;marker_view&quot;:&quot;bullets&quot;,&quot;icon&quot;:{&quot;value&quot;:&quot;far fa-circle&quot;,&quot;library&quot;:&quot;fa-regular&quot;,&quot;rendered_tag&quot;:&quot;&lt;svg class=\\&quot;e-font-icon-svg e-far-circle\\&quot; viewBox=\\&quot;0 0 512 512\\&quot; xmlns=\\&quot;http:\\\/\\\/www.w3.org\\\/2000\\\/svg\\&quot;&gt;&lt;path d=\\&quot;M256 8C119 8 8 119 8 256s111 248 248 248 248-111 248-248S393 8 256 8zm0 448c-110.5 0-200-89.5-200-200S145.5 56 256 56s200 89.5 200 200-89.5 200-200 200z\\&quot;&gt;&lt;\\\/path&gt;&lt;\\\/svg&gt;&quot;},&quot;no_headings_message&quot;:&quot;No headings were found on this page.&quot;,&quot;min_height&quot;:{&quot;unit&quot;:&quot;px&quot;,&quot;size&quot;:0,&quot;sizes&quot;:[]},&quot;headings_by_tags&quot;:[&quot;h2&quot;,&quot;h3&quot;,&quot;h4&quot;,&quot;h5&quot;,&quot;h6&quot;],&quot;minimize_box&quot;:&quot;yes&quot;,&quot;minimized_on&quot;:&quot;tablet&quot;,&quot;hierarchical_view&quot;:&quot;yes&quot;,&quot;min_height_tablet&quot;:{&quot;unit&quot;:&quot;px&quot;,&quot;size&quot;:&quot;&quot;,&quot;sizes&quot;:[]},&quot;min_height_mobile&quot;:{&quot;unit&quot;:&quot;px&quot;,&quot;size&quot;:&quot;&quot;,&quot;sizes&quot;:[]}}\" data-widget_type=\"table-of-contents.default\">\n\t\t\t\t<div class=\"elementor-widget-container\">\n\t\t\t\t\t\t\t\t\t<div class=\"elementor-toc__header\">\n\t\t\t\t\t\t<h4 class=\"elementor-toc__header-title\">\n\t\t\t\t\u00cdndex\t\t\t<\/h4>\n\t\t\t\t\t\t\t\t\t\t<div class=\"elementor-toc__toggle-button elementor-toc__toggle-button--expand\" role=\"button\" tabindex=\"0\" aria-controls=\"elementor-toc__9ea5b08\" aria-expanded=\"true\" aria-label=\"Open table of contents\"><svg aria-hidden=\"true\" class=\"e-font-icon-svg e-fas-chevron-down\" viewBox=\"0 0 448 512\" xmlns=\"http:\/\/www.w3.org\/2000\/svg\"><path d=\"M207.029 381.476L12.686 187.132c-9.373-9.373-9.373-24.569 0-33.941l22.667-22.667c9.357-9.357 24.522-9.375 33.901-.04L224 284.505l154.745-154.021c9.379-9.335 24.544-9.317 33.901.04l22.667 22.667c9.373 9.373 9.373 24.569 0 33.941L240.971 381.476c-9.373 9.372-24.569 9.372-33.942 0z\"><\/path><\/svg><\/div>\n\t\t\t\t<div class=\"elementor-toc__toggle-button elementor-toc__toggle-button--collapse\" role=\"button\" tabindex=\"0\" aria-controls=\"elementor-toc__9ea5b08\" aria-expanded=\"true\" aria-label=\"Close table of contents\"><svg aria-hidden=\"true\" class=\"e-font-icon-svg e-fas-chevron-up\" viewBox=\"0 0 448 512\" xmlns=\"http:\/\/www.w3.org\/2000\/svg\"><path d=\"M240.971 130.524l194.343 194.343c9.373 9.373 9.373 24.569 0 33.941l-22.667 22.667c-9.357 9.357-24.522 9.375-33.901.04L224 227.495 69.255 381.516c-9.379 9.335-24.544 9.317-33.901-.04l-22.667-22.667c-9.373-9.373-9.373-24.569 0-33.941L207.03 130.525c9.372-9.373 24.568-9.373 33.941-.001z\"><\/path><\/svg><\/div>\n\t\t\t\t\t<\/div>\n\t\t\t\t<div id=\"elementor-toc__9ea5b08\" class=\"elementor-toc__body\">\n\t\t\t<div class=\"elementor-toc__spinner-container\">\n\t\t\t\t<svg class=\"elementor-toc__spinner eicon-animation-spin e-font-icon-svg e-eicon-loading\" aria-hidden=\"true\" viewBox=\"0 0 1000 1000\" xmlns=\"http:\/\/www.w3.org\/2000\/svg\"><path d=\"M500 975V858C696 858 858 696 858 500S696 142 500 142 142 304 142 500H25C25 237 238 25 500 25S975 237 975 500 763 975 500 975Z\"><\/path><\/svg>\t\t\t<\/div>\n\t\t<\/div>\n\t\t\t\t\t\t<\/div>\n\t\t\t\t<\/div>\n\t\t\t\t\t<\/div>\n\t\t\t\t<\/div>\n\t\t<div class=\"elementor-element elementor-element-70b53cf e-flex e-con-boxed e-con e-parent\" data-id=\"70b53cf\" data-element_type=\"container\" data-e-type=\"container\" data-settings=\"{&quot;jet_parallax_layout_list&quot;:[]}\">\n\t\t\t\t\t<div class=\"e-con-inner\">\n\t\t<div class=\"elementor-element elementor-element-6a81279 e-con-full e-flex e-con e-child\" data-id=\"6a81279\" data-element_type=\"container\" data-e-type=\"container\" data-settings=\"{&quot;jet_parallax_layout_list&quot;:[]}\">\n\t\t\t\t<div class=\"elementor-element elementor-element-a64a3ff elementor-widget elementor-widget-text-editor\" data-id=\"a64a3ff\" data-element_type=\"widget\" data-e-type=\"widget\" data-widget_type=\"text-editor.default\">\n\t\t\t\t<div class=\"elementor-widget-container\">\n\t\t\t\t\t\t\t\t\t<h3><strong>Visi\u00f3 general<\/strong><\/h3><p data-pm-slice=\"1 1 []\"><strong>World Padel Network \u2122 (WPN)<\/strong> \u00e9s el directori i sistema de classificaci\u00f3 global oficial per a jugadors i clubs de p\u00e0del. Llan\u00e7at el juliol de 2025, WPN ajuda els jugadors a descobrir, comparar i connectar amb els millors clubs de p\u00e0del dels cinc continents. <\/p><p>La plataforma ofereix:<\/p><ul data-spread=\"false\"><li><p>Llistats de clubs verificats a <strong>Europa, Sud-am\u00e8rica, Nord-am\u00e8rica, \u00c0sia i \u00c0frica<\/strong><\/p><\/li><li><p>Un sistema <strong>de classificaci\u00f3 WPN<\/strong> transparent per a la qualitat del club<\/p><\/li><li><p>Suport multiling\u00fce ( <strong>angl\u00e8s, castell\u00e0, franc\u00e8s, catal\u00e0<\/strong> ) i m\u00e9s informaci\u00f3 a seguir<\/p><\/li><li><p>Perfils del club, incloent-hi detalls de la pista, instal\u00b7lacions, ressenyes i informaci\u00f3 de reserves<\/p><\/li><\/ul><p>Els jugadors poden cercar per ciutat, filtrar per caracter\u00edstiques i llegir ressenyes verificades, mentre que els clubs guanyen visibilitat i confian\u00e7a a trav\u00e9s d&#8217;una plataforma moderna i centralitzada.<\/p>\t\t\t\t\t\t\t\t<\/div>\n\t\t\t\t<\/div>\n\t\t\t\t<div class=\"elementor-element elementor-element-d41662d elementor-widget-divider--view-line elementor-widget elementor-widget-divider\" data-id=\"d41662d\" data-element_type=\"widget\" data-e-type=\"widget\" data-widget_type=\"divider.default\">\n\t\t\t\t<div class=\"elementor-widget-container\">\n\t\t\t\t\t\t\t<div class=\"elementor-divider\">\n\t\t\t<span class=\"elementor-divider-separator\">\n\t\t\t\t\t\t<\/span>\n\t\t<\/div>\n\t\t\t\t\t\t<\/div>\n\t\t\t\t<\/div>\n\t\t\t\t<\/div>\n\t\t<div class=\"elementor-element elementor-element-d9ac89a e-con-full e-flex e-con e-child\" data-id=\"d9ac89a\" data-element_type=\"container\" data-e-type=\"container\" data-settings=\"{&quot;jet_parallax_layout_list&quot;:[]}\">\n\t\t\t\t<div class=\"elementor-element elementor-element-662286f elementor-widget elementor-widget-text-editor\" data-id=\"662286f\" data-element_type=\"widget\" data-e-type=\"widget\" data-widget_type=\"text-editor.default\">\n\t\t\t\t<div class=\"elementor-widget-container\">\n\t\t\t\t\t\t\t\t\t<h3><strong><span style=\"color: inherit; font-family: inherit; font-size: 2rem;\">Biografia del fundador<\/span><\/strong><\/h3><p data-pm-slice=\"1 1 []\"><strong>Jamie Rowe<\/strong> \u00e9s un estrateg digital i entusiasta del p\u00e0del amb seu a Barcelona. Amb experi\u00e8ncia en SEO i m\u00e0rqueting internacional, va fundar World Padel Network el 2025 per aportar estructura i transpar\u00e8ncia a un dels esports de m\u00e9s r\u00e0pid creixement del m\u00f3n. <\/p><p><strong>Cita:<\/strong> \u00abVam crear la WPN per ajudar els jugadors a prendre decisions amb m\u00e9s confian\u00e7a i per donar als grans clubs de p\u00e0del la visibilitat que es mereixen. El nostre objectiu \u00e9s connectar la comunitat mundial del p\u00e0del, una ciutat a la vegada.\u00bb<\/p>\t\t\t\t\t\t\t\t<\/div>\n\t\t\t\t<\/div>\n\t\t\t\t<div class=\"elementor-element elementor-element-8d12c2e elementor-widget-divider--view-line elementor-widget elementor-widget-divider\" data-id=\"8d12c2e\" data-element_type=\"widget\" data-e-type=\"widget\" data-widget_type=\"divider.default\">\n\t\t\t\t<div class=\"elementor-widget-container\">\n\t\t\t\t\t\t\t<div class=\"elementor-divider\">\n\t\t\t<span class=\"elementor-divider-separator\">\n\t\t\t\t\t\t<\/span>\n\t\t<\/div>\n\t\t\t\t\t\t<\/div>\n\t\t\t\t<\/div>\n\t\t\t\t<\/div>\n\t\t<div class=\"elementor-element elementor-element-1cb1442 e-con-full e-flex e-con e-child\" data-id=\"1cb1442\" data-element_type=\"container\" data-e-type=\"container\" data-settings=\"{&quot;jet_parallax_layout_list&quot;:[]}\">\n\t\t\t\t<div class=\"elementor-element elementor-element-20e783b elementor-widget elementor-widget-text-editor\" data-id=\"20e783b\" data-element_type=\"widget\" data-e-type=\"widget\" data-widget_type=\"text-editor.default\">\n\t\t\t\t<div class=\"elementor-widget-container\">\n\t\t\t\t\t\t\t\t\t<h2 data-pm-slice=\"1 1 []\"><strong>Caracter\u00edstiques de la plataforma<\/strong><\/h2><ul data-spread=\"false\" data-pm-slice=\"3 3 []\"><li><p><strong>Classificaci\u00f3 WPN:<\/strong> Puntuaci\u00f3 independent basada en la qualitat del club, les instal\u00b7lacions i les ressenyes verificades<\/p><\/li><li><p><strong>Acc\u00e9s multiling\u00fce:<\/strong> angl\u00e8s, castell\u00e0, franc\u00e8s i catal\u00e0<\/p><\/li><li><p><strong>Directori global:<\/strong> Clubs llistats des de Buenos Aires fins a Dubai<\/p><\/li><li><p><strong>Programa del Club Fundador:<\/strong> els primers usuaris reben una ins\u00edgnia verificada i avantatges de llistat premium<\/p><\/li><li><p><strong>Incorporacions setmanals del club:<\/strong> El directori creix cada setmana a mesura que hi ha m\u00e9s<\/p><\/li><\/ul>\t\t\t\t\t\t\t\t<\/div>\n\t\t\t\t<\/div>\n\t\t\t\t<div class=\"elementor-element elementor-element-5f260cc elementor-widget-divider--view-line elementor-widget elementor-widget-divider\" data-id=\"5f260cc\" data-element_type=\"widget\" data-e-type=\"widget\" data-widget_type=\"divider.default\">\n\t\t\t\t<div class=\"elementor-widget-container\">\n\t\t\t\t\t\t\t<div class=\"elementor-divider\">\n\t\t\t<span class=\"elementor-divider-separator\">\n\t\t\t\t\t\t<\/span>\n\t\t<\/div>\n\t\t\t\t\t\t<\/div>\n\t\t\t\t<\/div>\n\t\t\t\t<\/div>\n\t\t<div class=\"elementor-element elementor-element-934d2f9 e-con-full e-flex e-con e-child\" data-id=\"934d2f9\" data-element_type=\"container\" data-e-type=\"container\" data-settings=\"{&quot;jet_parallax_layout_list&quot;:[]}\">\n\t\t\t\t<div class=\"elementor-element elementor-element-8aedd63 elementor-widget elementor-widget-text-editor\" data-id=\"8aedd63\" data-element_type=\"widget\" data-e-type=\"widget\" data-widget_type=\"text-editor.default\">\n\t\t\t\t<div class=\"elementor-widget-container\">\n\t\t\t\t\t\t\t\t\t<h2 data-pm-slice=\"1 1 []\"><strong>Logotips, recursos de marca i captures de pantalla del lloc web<\/strong><\/h2>\t\t\t\t\t\t\t\t<\/div>\n\t\t\t\t<\/div>\n\t\t\t\t<div class=\"elementor-element elementor-element-31842af elementor-widget elementor-widget-button\" data-id=\"31842af\" data-element_type=\"widget\" data-e-type=\"widget\" data-widget_type=\"button.default\">\n\t\t\t\t<div class=\"elementor-widget-container\">\n\t\t\t\t\t\t\t\t\t<div class=\"elementor-button-wrapper\">\n\t\t\t\t\t<a class=\"elementor-button elementor-button-link elementor-size-sm\" href=\"https:\/\/drive.google.com\/drive\/folders\/1sLqDK0aB44wUWs1wpk3ftQvBhq85i-ca?usp=drive_link\" rel=\"noopener\">\n\t\t\t\t\t\t<span class=\"elementor-button-content-wrapper\">\n\t\t\t\t\t\t\t\t\t<span class=\"elementor-button-text\">Enlla\u00e7 de Google Drive<\/span>\n\t\t\t\t\t<\/span>\n\t\t\t\t\t<\/a>\n\t\t\t\t<\/div>\n\t\t\t\t\t\t\t\t<\/div>\n\t\t\t\t<\/div>\n\t\t\t\t<div class=\"elementor-element elementor-element-8fe2652 elementor-widget-divider--view-line elementor-widget elementor-widget-divider\" data-id=\"8fe2652\" data-element_type=\"widget\" data-e-type=\"widget\" data-widget_type=\"divider.default\">\n\t\t\t\t<div class=\"elementor-widget-container\">\n\t\t\t\t\t\t\t<div class=\"elementor-divider\">\n\t\t\t<span class=\"elementor-divider-separator\">\n\t\t\t\t\t\t<\/span>\n\t\t<\/div>\n\t\t\t\t\t\t<\/div>\n\t\t\t\t<\/div>\n\t\t\t\t<\/div>\n\t\t<div class=\"elementor-element elementor-element-d27dde2 e-con-full e-flex e-con e-child\" data-id=\"d27dde2\" data-element_type=\"container\" data-e-type=\"container\" data-settings=\"{&quot;jet_parallax_layout_list&quot;:[]}\">\n\t\t\t\t<div class=\"elementor-element elementor-element-61df75b elementor-widget elementor-widget-text-editor\" data-id=\"61df75b\" data-element_type=\"widget\" data-e-type=\"widget\" data-widget_type=\"text-editor.default\">\n\t\t\t\t<div class=\"elementor-widget-container\">\n\t\t\t\t\t\t\t\t\t<h2 data-pm-slice=\"1 1 []\"><strong>Contacte<\/strong><\/h2><p data-pm-slice=\"1 1 []\"><strong>Contacte amb els mitjans de comunicaci\u00f3:<\/strong><br> Jamie Rowe<br> Fundador World Padel Network<br> Correu electr\u00f2nic: <a>press@worldpadelnetwork.com<\/a><br> Lloc web: <a href=\"http:\/\/www.worldpadelnetwork.com\">www.worldpadelnetwork.com<\/a><br> Ubicaci\u00f3: Barcelona, \u200b\u200bEspanya<\/p>\t\t\t\t\t\t\t\t<\/div>\n\t\t\t\t<\/div>\n\t\t\t\t<\/div>\n\t\t\t\t\t<\/div>\n\t\t\t\t<\/div>\n\t\t\t\t<\/div>\n\t\t","protected":false},"excerpt":{"rendered":"<p>Premsa i mitjans de comunicaci\u00f3 \u00cdndex Visi\u00f3 general World Padel Network \u2122 (WPN) \u00e9s el directori i sistema de classificaci\u00f3 global oficial per a jugadors i clubs de p\u00e0del. Llan\u00e7at el juliol de 2025, WPN ajuda els jugadors a descobrir, comparar i connectar amb els millors clubs de p\u00e0del dels cinc continents. La plataforma ofereix: [&hellip;]<\/p>\n","protected":false},"author":1,"featured_media":0,"parent":0,"menu_order":0,"comment_status":"closed","ping_status":"closed","template":"","meta":{"_acf_changed":false,"footnotes":""},"class_list":["post-1656","page","type-page","status-publish","hentry"],"acf":[],"_links":{"self":[{"href":"https:\/\/www.worldpadelnetwork.com\/ca\/wp-json\/wp\/v2\/pages\/1656","targetHints":{"allow":["GET"]}}],"collection":[{"href":"https:\/\/www.worldpadelnetwork.com\/ca\/wp-json\/wp\/v2\/pages"}],"about":[{"href":"https:\/\/www.worldpadelnetwork.com\/ca\/wp-json\/wp\/v2\/types\/page"}],"author":[{"embeddable":true,"href":"https:\/\/www.worldpadelnetwork.com\/ca\/wp-json\/wp\/v2\/users\/1"}],"replies":[{"embeddable":true,"href":"https:\/\/www.worldpadelnetwork.com\/ca\/wp-json\/wp\/v2\/comments?post=1656"}],"version-history":[{"count":0,"href":"https:\/\/www.worldpadelnetwork.com\/ca\/wp-json\/wp\/v2\/pages\/1656\/revisions"}],"wp:attachment":[{"href":"https:\/\/www.worldpadelnetwork.com\/ca\/wp-json\/wp\/v2\/media?parent=1656"}],"curies":[{"name":"wp","href":"https:\/\/api.w.org\/{rel}","templated":true}]}}